{"id":10,"date":"2013-12-16T17:22:26","date_gmt":"2013-12-16T15:22:26","guid":{"rendered":"http:\/\/konepoyry.fi\/rakentaminen\/wordpress\/?page_id=10"},"modified":"2018-03-30T18:30:34","modified_gmt":"2018-03-30T15:30:34","slug":"konemyynti","status":"publish","type":"page","link":"http:\/\/konepoyry.fi\/wordpress\/?page_id=10","title":{"rendered":"Terminen ruiskutus"},"content":{"rendered":"<p>Terminen ruiskutus ( metalliruiskutus ) tehd\u00e4\u00e4n kylm\u00e4ruiskutuksena tai kuumaruiskutuksena ns. sulautuspinnoitus.<\/p>\n<p><a href=\"http:\/\/konepoyry.fi\/wordpress\/wp-content\/uploads\/2013\/12\/DSC05878.jpg\"><img loading=\"lazy\" class=\"alignnone size-medium wp-image-503\" alt=\"DSC05878\" src=\"http:\/\/konepoyry.fi\/wordpress\/wp-content\/uploads\/2013\/12\/DSC05878-300x225.jpg\" width=\"300\" height=\"225\" srcset=\"http:\/\/konepoyry.fi\/wordpress\/wp-content\/uploads\/2013\/12\/DSC05878-300x225.jpg 300w, http:\/\/konepoyry.fi\/wordpress\/wp-content\/uploads\/2013\/12\/DSC05878-1024x768.jpg 1024w, http:\/\/konepoyry.fi\/wordpress\/wp-content\/uploads\/2013\/12\/DSC05878-700x525.jpg 700w\" sizes=\"(max-width: 300px) 100vw, 300px\" \/><\/a><\/p>\n<p>Pinnoitusta tarvitaan uusissa- ja kuluneissa osissa.<\/p>\n<p>Kun halutaan pinnoilta:<\/p>\n<p>&#8211; Kulumiskest\u00e4vyytt\u00e4.<\/p>\n<p>&#8211; Korroosiosuojaa.<\/p>\n<p>&#8211; Erist\u00e4vi\u00e4 tai s\u00e4hk\u00f6\u00e4 johtavia pintoja.<\/p>\n<p>&#8211; Osien painon v\u00e4hent\u00e4mist\u00e4 tai kitkan vaikutukseen s\u00e4\u00e4televi\u00e4 ominaisuuksia.<\/p>\n<p>&#8211; T\u00e4ytt\u00e4\u00e4 kuluneita tai v\u00e4\u00e4rin koneistettuja pintoja.<\/p>\n<p>&#8211; Valmistaa osia helpommin ja nopeammin kustannustehokkaasti tuoden ruiskutettu pinta vain tarvittaviin kohtiin.<\/p>\n<p>Pinnoitettavat materiaalit voivat olla esim. Austeniittiset \/ Martensiittiset ruostumattomat ter\u00e4kset, rakenneter\u00e4kset, koneter\u00e4kset, suomu- ja pallografiittivaluraudat, kuparit, alumiinit jne.<\/p>\n<p><a href=\"http:\/\/konepoyry.fi\/wordpress\/wp-content\/uploads\/2013\/12\/3.jpg\"><img loading=\"lazy\" class=\"alignnone size-medium wp-image-505\" alt=\"3\" src=\"http:\/\/konepoyry.fi\/wordpress\/wp-content\/uploads\/2013\/12\/3-300x225.jpg\" width=\"300\" height=\"225\" srcset=\"http:\/\/konepoyry.fi\/wordpress\/wp-content\/uploads\/2013\/12\/3-300x225.jpg 300w, http:\/\/konepoyry.fi\/wordpress\/wp-content\/uploads\/2013\/12\/3.jpg 400w\" sizes=\"(max-width: 300px) 100vw, 300px\" \/><\/a><\/p>\n<p>Tyypillisi\u00e4 korjausruiskutuskohteita ovat\u00a0 mm. voimansiirron osat. Tiivisteen kuluttama ura saadaan entist\u00e4 kulutuskest\u00e4v\u00e4mm\u00e4ksi. Laakerin kuluttama akseli tai laakeripes\u00e4 saadaan t\u00e4ytetty\u00e4 hyvin ruiskutuksella eik\u00e4 mittamuutoksia materiaalissa esiinny.<\/p>\n<p>Pinnaksi laadukas happo\/RST &#8211; pinta tai vaikka karkaisua vastaava n. 54 HRC : n kova pinta.<\/p>\n<p>&nbsp;<\/p>\n","protected":false},"excerpt":{"rendered":"<p>Terminen ruiskutus ( metalliruiskutus ) tehd\u00e4\u00e4n kylm\u00e4ruiskutuksena tai kuumaruiskutuksena ns. sulautuspinnoitus. Pinnoitusta tarvitaan uusissa- ja kuluneissa osissa. Kun halutaan pinnoilta: &#8211; Kulumiskest\u00e4vyytt\u00e4. &#8211; Korroosiosuojaa. &#8211; Erist\u00e4vi\u00e4 tai s\u00e4hk\u00f6\u00e4 johtavia pintoja. &#8211; Osien painon v\u00e4hent\u00e4mist\u00e4 tai kitkan vaikutukseen s\u00e4\u00e4televi\u00e4 ominaisuuksia. &#8211; T\u00e4ytt\u00e4\u00e4 kuluneita tai v\u00e4\u00e4rin koneistettuja pintoja. &#8211; Valmistaa osia helpommin &#8230;<\/p>\n","protected":false},"author":1,"featured_media":0,"parent":0,"menu_order":0,"comment_status":"closed","ping_status":"closed","template":"","meta":[],"_links":{"self":[{"href":"http:\/\/konepoyry.fi\/wordpress\/index.php?rest_route=\/wp\/v2\/pages\/10"}],"collection":[{"href":"http:\/\/konepoyry.fi\/wordpress\/index.php?rest_route=\/wp\/v2\/pages"}],"about":[{"href":"http:\/\/konepoyry.fi\/wordpress\/index.php?rest_route=\/wp\/v2\/types\/page"}],"author":[{"embeddable":true,"href":"http:\/\/konepoyry.fi\/wordpress\/index.php?rest_route=\/wp\/v2\/users\/1"}],"replies":[{"embeddable":true,"href":"http:\/\/konepoyry.fi\/wordpress\/index.php?rest_route=%2Fwp%2Fv2%2Fcomments&post=10"}],"version-history":[{"count":37,"href":"http:\/\/konepoyry.fi\/wordpress\/index.php?rest_route=\/wp\/v2\/pages\/10\/revisions"}],"predecessor-version":[{"id":506,"href":"http:\/\/konepoyry.fi\/wordpress\/index.php?rest_route=\/wp\/v2\/pages\/10\/revisions\/506"}],"wp:attachment":[{"href":"http:\/\/konepoyry.fi\/wordpress\/index.php?rest_route=%2Fwp%2Fv2%2Fmedia&parent=10"}],"curies":[{"name":"wp","href":"https:\/\/api.w.org\/{rel}","templated":true}]}}