{"id":257,"date":"2014-02-04T20:14:03","date_gmt":"2014-02-04T18:14:03","guid":{"rendered":"http:\/\/konepoyry.fi\/rakentaminen\/wordpress\/?page_id=257"},"modified":"2014-02-20T18:33:43","modified_gmt":"2014-02-20T16:33:43","slug":"holkki","status":"publish","type":"page","link":"http:\/\/konepoyry.fi\/wordpress\/?page_id=257","title":{"rendered":"Holkki"},"content":{"rendered":"<p><a href=\"http:\/\/konepoyry.fi\/wordpress\/wp-content\/uploads\/2014\/02\/Holkki.jpg\"><img loading=\"lazy\" class=\"aligncenter size-full wp-image-266\" alt=\"\" src=\"http:\/\/konepoyry.fi\/wordpress\/wp-content\/uploads\/2014\/02\/Holkki.jpg\" width=\"703\" height=\"504\" srcset=\"http:\/\/konepoyry.fi\/wordpress\/wp-content\/uploads\/2014\/02\/Holkki.jpg 703w, http:\/\/konepoyry.fi\/wordpress\/wp-content\/uploads\/2014\/02\/Holkki-300x215.jpg 300w, http:\/\/konepoyry.fi\/wordpress\/wp-content\/uploads\/2014\/02\/Holkki-700x501.jpg 700w\" sizes=\"(max-width: 703px) 100vw, 703px\" \/><\/a><\/p>\n<form accept-charset=\"utf-8\" action=\"holkki_lahetys.php\" method=\"post\">\n<table width=\"747\" border=\"0\">\n<tbody>\n<tr>\n<td rowspan=\"2\" scope=\"col\" valign=\"top\" width=\"209\"><strong>Mitat ja m\u00e4\u00e4r\u00e4:<\/strong><\/p>\n<p>A* <input type=\"text\" name=\"A\" size=\"12\" \/> mm<br \/>\nB* <input type=\"text\" name=\"B\" size=\"12\" \/> mm<br \/>\nC <input type=\"text\" name=\"C\" size=\"12\" \/> mm<br \/>\nD <input type=\"text\" name=\"D\" size=\"12\" \/> mm<br \/>\nM\u00e4\u00e4r\u00e4:<br \/>\n<input type=\"text\" name=\"maara\" size=\"12\" \/><br \/>\n<strong>*HUOM <\/strong>t\u00e4yt\u00e4 mitta ja toleranssi.<strong> Esim <em>40H7 <\/em><\/strong>tai t\u00e4yt\u00e4 mitta ja toleranssialue <strong>Esim. 30.70-30.90<\/strong> millimetreiss\u00e4<\/td>\n<td align=\"left\" rowspan=\"2\" scope=\"col\" valign=\"top\" width=\"249\"><strong>Valitse: <\/strong><\/p>\n<p><input type=\"checkbox\" name=\"rasva1\" value=\"OFF\" \/>Rasvaura ulkokeh\u00e4ll\u00e4 A<br \/>\n<input type=\"checkbox\" name=\"rasva2\" value=\"OFF\" \/>Rasvaura rei\u00e4ss\u00e4 B<\/p>\n<p>Rasvaura:<select name=\"rasvanousu\"><option selected=\"selected\" value=\"ei valintaa\">&#8212;&#8212;&#8212;<\/option><option value=\"nousullinen\">Nousullinen<\/option><option value=\"ristiurallinen\">Ristiurallinen<\/option><\/select><br \/>\n<input type=\"checkbox\" name=\"rasva3\" value=\"OFF\" \/>Upotettava rasvanippa<br \/>\nhuom. ainevahvuus min. 20mm<br \/>\n<input type=\"checkbox\" name=\"rasva4\" value=\"OFF\" \/>Ulkopuolinen rasvanippa suojakauluksella<br \/>\n<input type=\"checkbox\" name=\"rasva5\" value=\"OFF\" \/> Kaksi rasvareik\u00e4\u00e4 vastakkaisilla puolilla<br \/>\n<br \/>\n<strong>Aine:<\/strong><br \/>\n<input id=\"aine1\" type=\"radio\" name=\"aine1\" value=\"OFF\" \/>Rakenneter\u00e4s S355, murtolujuus n. 550-750 N\/mm\u00b2 kovuusn. 200 HB, toleranssi H9<br \/>\n<input id=\"aine2\" type=\"radio\" name=\"aine2\" value=\"OFF\" \/>Nuorrutuster\u00e4s, luja hitsattava laatu. Murtolujuus n. 800-1100 N\/mm\u00b2, kovuus n. 300 HB toleransi H8<br \/>\n<input id=\"aine3\" type=\"radio\" name=\"aine3\" value=\"OFF\" \/>Pintakarkaistu nuorrutuster\u00e4s, kovuus 50-60 HRC (50 HRC = 500HB)<br \/>\n<input id=\"aine4\" type=\"radio\" name=\"aine4\" value=\"OFF\" \/>Muu aine <input id=\"muuaine\" type=\"text\" name=\"muuaine\" size=\"30\" \/><br \/>\n(esim. muovi, messinki, tinapronssi jne.)<\/td>\n<td scope=\"col\" valign=\"top\" width=\"275\"><strong>Yhteystietosi:<\/strong> Etu- ja sukunimi:<br \/>\n<input type=\"text\" name=\"nimi\" size=\"40\" \/><br \/>\nPuhelinnumero:<br \/>\n<input type=\"text\" name=\"puh\" size=\"40\" \/><br \/>\nS\u00e4hk\u00f6postiosoite:<br \/>\n<input type=\"text\" name=\"mail\" size=\"40\" \/><\/p>\n<p>Katuosoite, kaupunki ja postinumero:<br \/>\n<textarea cols=\"31\" name=\"oso\" rows=\"4\"><\/textarea><\/p>\n<p>Muita huomioita (esim. v\u00e4ljempi toleranssi):<br \/>\n<textarea id=\"huomio\" cols=\"31\" name=\"huomio\" rows=\"4\"><\/textarea><\/p>\n<p><input class=\"tilaa\" type=\"submit\" name=\"Submit\" value=\"L\u00e4het\u00e4 tilaus\" \/><\/td>\n<\/tr>\n<\/tbody>\n<\/table>\n<\/form>\n","protected":false},"excerpt":{"rendered":"<p>Mitat ja m\u00e4\u00e4r\u00e4: A* mm B* mm C mm D mm M\u00e4\u00e4r\u00e4: *HUOM t\u00e4yt\u00e4 mitta ja toleranssi. Esim 40H7 tai t\u00e4yt\u00e4 mitta ja toleranssialue Esim. 30.70-30.90 millimetreiss\u00e4 Valitse: Rasvaura ulkokeh\u00e4ll\u00e4 A Rasvaura rei\u00e4ss\u00e4 B Rasvaura:&#8212;&#8212;&#8212;NousullinenRistiurallinen Upotettava rasvanippa huom. ainevahvuus min. 20mm Ulkopuolinen rasvanippa suojakauluksella Kaksi rasvareik\u00e4\u00e4 vastakkaisilla puolilla Aine: Rakenneter\u00e4s &#8230;<\/p>\n","protected":false},"author":1,"featured_media":0,"parent":0,"menu_order":0,"comment_status":"closed","ping_status":"closed","template":"","meta":[],"_links":{"self":[{"href":"http:\/\/konepoyry.fi\/wordpress\/index.php?rest_route=\/wp\/v2\/pages\/257"}],"collection":[{"href":"http:\/\/konepoyry.fi\/wordpress\/index.php?rest_route=\/wp\/v2\/pages"}],"about":[{"href":"http:\/\/konepoyry.fi\/wordpress\/index.php?rest_route=\/wp\/v2\/types\/page"}],"author":[{"embeddable":true,"href":"http:\/\/konepoyry.fi\/wordpress\/index.php?rest_route=\/wp\/v2\/users\/1"}],"replies":[{"embeddable":true,"href":"http:\/\/konepoyry.fi\/wordpress\/index.php?rest_route=%2Fwp%2Fv2%2Fcomments&post=257"}],"version-history":[{"count":22,"href":"http:\/\/konepoyry.fi\/wordpress\/index.php?rest_route=\/wp\/v2\/pages\/257\/revisions"}],"predecessor-version":[{"id":320,"href":"http:\/\/konepoyry.fi\/wordpress\/index.php?rest_route=\/wp\/v2\/pages\/257\/revisions\/320"}],"wp:attachment":[{"href":"http:\/\/konepoyry.fi\/wordpress\/index.php?rest_route=%2Fwp%2Fv2%2Fmedia&parent=257"}],"curies":[{"name":"wp","href":"https:\/\/api.w.org\/{rel}","templated":true}]}}